{"id":1050,"date":"2024-04-04T19:02:14","date_gmt":"2024-04-04T19:02:14","guid":{"rendered":"https:\/\/iskvietimosistemos.lt\/?page_id=1050"},"modified":"2024-04-04T19:02:14","modified_gmt":"2024-04-04T19:02:14","slug":"apie-mus","status":"publish","type":"page","link":"https:\/\/iskvietimosistemos.lt\/en\/apie-mus\/","title":{"rendered":"About us"},"content":{"rendered":"<p>Our company has been installing call systems in nursing homes, restaurants, cafes, and other institutions for many years. Therefore, we can offer various solutions for your business. We focus on easy-to-install (wireless) and low-maintenance systems that are easy to adapt to your needs.<\/p>\n<p>We have most of the equipment on site, so we can offer and install these systems quickly. To implement simple solutions, we can offer ready-to-use systems in our e-mail. in store: <a href=\"https:\/\/elektrodas.lt\/product-category\/pagers\/\">www.elektrodas.lt<\/a><\/p>\n<p>Also, our systems are available from our partners <a href=\"http:\/\/varle.lt\">frog.lt<\/a><\/p>","protected":false},"excerpt":{"rendered":"<p>M\u016bs\u0173 \u012fmon\u0117 jau ne vienerius metu diegia i\u0161kvietimo sistemas slaugos namuose, restoranuose, kavin\u0117se, bei kitose \u012fstaigose. Tod\u0117l galime pasi\u016blyti \u012fvairius sprendimus j\u016bs\u0173 verslui. Mes orientuojam\u0117s \u012f lengvai montuojamas (belaides), bei didel\u0117s prie\u017ei\u016bros nereikalaujan\u010dias sistemas, kurias lengva pritaikyti prie j\u016bs\u0173 poreiki\u0173. Did\u017ei\u0105j\u0105 dal\u012f \u012frangos turime vietoje, tad greitai galime pasi\u016blyti ir \u012fdiegti \u0161ias sistemas. Paprastiems sprendimams [&hellip;]<\/p>\n","protected":false},"author":2,"featured_media":0,"parent":0,"menu_order":0,"comment_status":"closed","ping_status":"closed","template":"","meta":{"footnotes":""},"class_list":["post-1050","page","type-page","status-publish","hentry"],"_links":{"self":[{"href":"https:\/\/iskvietimosistemos.lt\/en\/wp-json\/wp\/v2\/pages\/1050","targetHints":{"allow":["GET"]}}],"collection":[{"href":"https:\/\/iskvietimosistemos.lt\/en\/wp-json\/wp\/v2\/pages"}],"about":[{"href":"https:\/\/iskvietimosistemos.lt\/en\/wp-json\/wp\/v2\/types\/page"}],"author":[{"embeddable":true,"href":"https:\/\/iskvietimosistemos.lt\/en\/wp-json\/wp\/v2\/users\/2"}],"replies":[{"embeddable":true,"href":"https:\/\/iskvietimosistemos.lt\/en\/wp-json\/wp\/v2\/comments?post=1050"}],"version-history":[{"count":1,"href":"https:\/\/iskvietimosistemos.lt\/en\/wp-json\/wp\/v2\/pages\/1050\/revisions"}],"predecessor-version":[{"id":1051,"href":"https:\/\/iskvietimosistemos.lt\/en\/wp-json\/wp\/v2\/pages\/1050\/revisions\/1051"}],"wp:attachment":[{"href":"https:\/\/iskvietimosistemos.lt\/en\/wp-json\/wp\/v2\/media?parent=1050"}],"curies":[{"name":"wp","href":"https:\/\/api.w.org\/{rel}","templated":true}]}}